{"id":2,"date":"2025-02-12T13:19:28","date_gmt":"2025-02-12T13:19:28","guid":{"rendered":"https:\/\/memoriilemonei.ro\/?page_id=2"},"modified":"2025-09-04T07:36:28","modified_gmt":"2025-09-04T07:36:28","slug":"pagina-exemplu","status":"publish","type":"page","link":"https:\/\/memoriilemonei.ro\/","title":{"rendered":"Memoriile Monei"},"content":{"rendered":"\t\t<div data-elementor-type=\"wp-page\" data-elementor-id=\"2\" class=\"elementor elementor-2\">\n\t\t\t\t<div class=\"elementor-element elementor-element-0fd7326 e-con-full e-flex e-con e-parent\" data-id=\"0fd7326\" data-element_type=\"container\">\n\t\t<div class=\"elementor-element elementor-element-27bb576 e-con-full e-flex e-con e-child\" data-id=\"27bb576\" data-element_type=\"container\">\n\t\t\t\t<div class=\"elementor-element elementor-element-d881e20 elementor-widget elementor-widget-heading\" data-id=\"d881e20\" data-element_type=\"widget\" data-widget_type=\"heading.default\">\n\t\t\t\t<div class=\"elementor-widget-container\">\n\t\t\t\t\t<h3 class=\"elementor-heading-title elementor-size-default\">De la primele gre\u0219eli la primele victorii: povestea unui manager aflat la \u00eenceput de drum<\/h3>\t\t\t\t<\/div>\n\t\t\t\t<\/div>\n\t\t\t\t<div class=\"elementor-element elementor-element-08d40b5 elementor-widget elementor-widget-text-editor\" data-id=\"08d40b5\" data-element_type=\"widget\" data-widget_type=\"text-editor.default\">\n\t\t\t\t<div class=\"elementor-widget-container\">\n\t\t\t\t\t\t\t\t\t<p>\u00cembun\u0103t\u0103\u021be\u0219te-\u021bi abilit\u0103\u021bile de afaceri cu seria de c\u0103r\u021bi esen\u021biale.<\/p>\n<p>Fiecare pagin\u0103 \u00ee\u021bi va oferi insight-uri valoroase pentru a-\u021bi transforma visurile \u00een realitate.<\/p>\t\t\t\t\t\t\t\t<\/div>\n\t\t\t\t<\/div>\n\t\t<div class=\"elementor-element elementor-element-2c1300a e-grid e-con-full e-con e-child\" data-id=\"2c1300a\" data-element_type=\"container\">\n\t\t\t\t<div class=\"elementor-element elementor-element-7c01e3e elementor-button-info elementor-widget__width-inherit elementor-align-center elementor-widget elementor-widget-button\" data-id=\"7c01e3e\" data-element_type=\"widget\" data-widget_type=\"button.default\">\n\t\t\t\t<div class=\"elementor-widget-container\">\n\t\t\t\t\t\t\t\t\t<div class=\"elementor-button-wrapper\">\n\t\t\t\t\t<a class=\"elementor-button elementor-button-link elementor-size-sm\" href=\"#\">\n\t\t\t\t\t\t<span class=\"elementor-button-content-wrapper\">\n\t\t\t\t\t\t\t\t\t<span class=\"elementor-button-text\">Cumpar\u0103<\/span>\n\t\t\t\t\t<\/span>\n\t\t\t\t\t<\/a>\n\t\t\t\t<\/div>\n\t\t\t\t\t\t\t\t<\/div>\n\t\t\t\t<\/div>\n\t\t\t\t<div class=\"elementor-element elementor-element-17dc150 elementor-button-warning elementor-align-center elementor-widget elementor-widget-button\" data-id=\"17dc150\" data-element_type=\"widget\" data-widget_type=\"button.default\">\n\t\t\t\t<div class=\"elementor-widget-container\">\n\t\t\t\t\t\t\t\t\t<div class=\"elementor-button-wrapper\">\n\t\t\t\t\t<a class=\"elementor-button elementor-button-link elementor-size-sm\" href=\"#\">\n\t\t\t\t\t\t<span class=\"elementor-button-content-wrapper\">\n\t\t\t\t\t\t\t\t\t<span class=\"elementor-button-text\">Aboneaz\u0103-te<\/span>\n\t\t\t\t\t<\/span>\n\t\t\t\t\t<\/a>\n\t\t\t\t<\/div>\n\t\t\t\t\t\t\t\t<\/div>\n\t\t\t\t<\/div>\n\t\t\t\t<\/div>\n\t\t\t\t<\/div>\n\t\t<div class=\"elementor-element elementor-element-34072e3 e-con-full e-flex e-con e-child\" data-id=\"34072e3\" data-element_type=\"container\">\n\t\t\t\t<div class=\"elementor-element elementor-element-ddd210e elementor-widget elementor-widget-image\" data-id=\"ddd210e\" data-element_type=\"widget\" data-widget_type=\"image.default\">\n\t\t\t\t<div class=\"elementor-widget-container\">\n\t\t\t\t\t\t\t\t\t\t\t\t\t\t\t<img fetchpriority=\"high\" decoding=\"async\" width=\"292\" height=\"303\" src=\"https:\/\/memoriilemonei.ro\/wp-content\/uploads\/2025\/09\/vffddd.png\" class=\"attachment-medium_large size-medium_large wp-image-95\" alt=\"\" srcset=\"https:\/\/memoriilemonei.ro\/wp-content\/uploads\/2025\/09\/vffddd.png 292w, https:\/\/memoriilemonei.ro\/wp-content\/uploads\/2025\/09\/vffddd-289x300.png 289w\" sizes=\"(max-width: 292px) 100vw, 292px\" \/>\t\t\t\t\t\t\t\t\t\t\t\t\t\t\t<\/div>\n\t\t\t\t<\/div>\n\t\t\t\t<\/div>\n\t\t\t\t<\/div>\n\t\t<div class=\"elementor-element elementor-element-6ec9582 e-flex e-con-boxed e-con e-parent\" data-id=\"6ec9582\" data-element_type=\"container\" data-settings=\"{&quot;background_background&quot;:&quot;slideshow&quot;,&quot;background_slideshow_gallery&quot;:[{&quot;id&quot;:71,&quot;url&quot;:&quot;https:\\\/\\\/memoriilemonei.ro\\\/wp-content\\\/uploads\\\/2025\\\/02\\\/low-angle-view-skyscrapers-scaled.jpg&quot;}],&quot;background_slideshow_loop&quot;:&quot;yes&quot;,&quot;background_slideshow_slide_duration&quot;:5000,&quot;background_slideshow_slide_transition&quot;:&quot;fade&quot;,&quot;background_slideshow_transition_duration&quot;:500}\">\n\t\t\t\t\t<div class=\"e-con-inner\">\n\t\t\t\t<div class=\"elementor-element elementor-element-ffb19d2 elementor-widget elementor-widget-text-editor\" data-id=\"ffb19d2\" data-element_type=\"widget\" data-widget_type=\"text-editor.default\">\n\t\t\t\t<div class=\"elementor-widget-container\">\n\t\t\t\t\t\t\t\t\t<p>C\u0103r\u021bi pentru manageri, lideri \u0219i antreprenori<\/p>\t\t\t\t\t\t\t\t<\/div>\n\t\t\t\t<\/div>\n\t\t\t\t<div class=\"elementor-element elementor-element-88f74bb elementor-widget elementor-widget-text-editor\" data-id=\"88f74bb\" data-element_type=\"widget\" data-widget_type=\"text-editor.default\">\n\t\t\t\t<div class=\"elementor-widget-container\">\n\t\t\t\t\t\t\t\t\t<p><span style=\"font-size: 16px;\">Descopera cele mai potrivite \u0219i aplicate c\u0103r\u021bi despre management, leadership \u0219i antreprenoriat pentru succesul t\u0103u<\/span><\/p>\t\t\t\t\t\t\t\t<\/div>\n\t\t\t\t<\/div>\n\t\t\t\t\t<\/div>\n\t\t\t\t<\/div>\n\t\t<div class=\"elementor-element elementor-element-eb02ac7 e-flex e-con-boxed e-con e-parent\" data-id=\"eb02ac7\" data-element_type=\"container\">\n\t\t\t\t\t<div class=\"e-con-inner\">\n\t\t\t\t<div class=\"elementor-element elementor-element-a52c53f elementor-widget elementor-widget-dt-shop-products\" data-id=\"a52c53f\" data-element_type=\"widget\" data-widget_type=\"dt-shop-products.default\">\n\t\t\t\t<div class=\"elementor-widget-container\">\n\t\t\t\t\t<div class=\"dt-sc-products-container woocommerce  \" ><ul class=\"products products-apply-isotope product-style-default product-hover-image-fadeinright product-hover-secimage-pushleft product-icongroup-hover-bounce product-with-space true product-label-boxed product-thumb-alignment-bottom product-thumb-iconsgroup-position-vertical vertical-position-top-right product-thumb-iconsgroup-style-skinbgfill-rounded product-thumb-buttonelement-style-simple center product-content-iconsgroup-style-simple\"><li class=\"product isotope-grid-sizer\"><div class=\"dt-col dt-col-xs-12 dt-col-sm-6 dt-col-md-6 dt-col-qxlg-4 dt-col-hxlg-4 dt-col-lg-4\"><\/div><\/li><li class=\"product-grid-view product type-product post-78 status-publish first instock product_cat-mona-bardos has-post-thumbnail shipping-taxable purchasable product-type-simple\">\n\t<div class=\"dt-col dt-col-xs-12 dt-col-sm-6 dt-col-md-6 dt-col-qxlg-4 dt-col-hxlg-4 dt-col-lg-4\"><div class=\"product-wrapper\" ><div class=\"product-thumb\"><a class=\"image\" href=\"https:\/\/memoriilemonei.ro\/index.php\/product\/carte-3\/\" title=\"Carte 3\"><div class=\"product-thumb-overlay\" ><\/div><div class=\"product-labels\"><\/div><div class=\"primary-image\" style=\"background-image:url(https:\/\/memoriilemonei.ro\/wp-content\/uploads\/2025\/02\/White-Aesthetic-Lifestyle-Magazine-Page-A4-Document-4-1000x1000.png)\"><\/div><\/a><div class=\"product-thumb-content\" ><div class=\"product-buttons-wrapper product-icons\"><div class=\"wc_inline_buttons\"><div class=\"wcct_btn_wrapper wc_btn_inline\" data-tooltip=\"Add To Cart\"><a href=\"?add-to-cart=78\" aria-describedby=\"woocommerce_loop_add_to_cart_link_describedby_78\" data-quantity=\"1\" class=\"dt-sc-button too-small button product_type_simple add_to_cart_button ajax_add_to_cart\" data-product_id=\"78\" data-product_sku=\"\" aria-label=\"Adaug\u0103 \u00een co\u0219: &amp;lbquo;Carte 3&rdquo;\" rel=\"nofollow\" data-success_message=\"&bdquo;Carte 3&rdquo; a fost ad\u0103ugat \u00een co\u0219\">Adaug\u0103 \u00een co\u0219<\/a>\t<span id=\"woocommerce_loop_add_to_cart_link_describedby_78\" class=\"dt-sc-button too-small screen-reader-text\">\n\t\t\t<\/span>\n<\/div><div class=\"wcwl_btn_wrapper wc_btn_inline\" data-tooltip=\"Wishlist\"><div class=\"yith-add-to-wishlist-button-block\" data-product-id=\"78\" data-attributes=\"{&quot;kind&quot;:&quot;button&quot;}\"><\/div><\/div><div class=\"wcqv_btn_wrapper wc_btn_inline\" data-tooltip=\"Quick View\"><a href=\"#\" class=\"button yith-wcqv-button\" data-product_id=\"78\">Quick View<\/a><\/div><\/div><\/div><\/div><\/div><div class=\"product-details\"><div class=\"product-title\"><h5><a href=\"https:\/\/memoriilemonei.ro\/index.php\/product\/carte-3\/\">Carte 3<\/a><\/h5><\/div><div class=\"product-price\"><span class=\"price\"><span class=\"woocommerce-Price-amount amount\"><bdi><span class=\"woocommerce-Price-currencySymbol\">&#36;<\/span>210.00<\/bdi><\/span><\/span><\/div><\/div><\/div><\/div><\/li>\n<li class=\"product-grid-view product type-product post-77 status-publish instock product_cat-uncategorized has-post-thumbnail shipping-taxable purchasable product-type-simple\">\n\t<div class=\"dt-col dt-col-xs-12 dt-col-sm-6 dt-col-md-6 dt-col-qxlg-4 dt-col-hxlg-4 dt-col-lg-4\"><div class=\"product-wrapper\" ><div class=\"product-thumb\"><a class=\"image\" href=\"https:\/\/memoriilemonei.ro\/index.php\/product\/carte-2\/\" title=\"Carte 2\"><div class=\"product-thumb-overlay\" ><\/div><div class=\"product-labels\"><\/div><div class=\"primary-image\" style=\"background-image:url(https:\/\/memoriilemonei.ro\/wp-content\/uploads\/2025\/02\/White-Aesthetic-Lifestyle-Magazine-Page-A4-Document-5-1000x1000.png)\"><\/div><\/a><div class=\"product-thumb-content\" ><div class=\"product-buttons-wrapper product-icons\"><div class=\"wc_inline_buttons\"><div class=\"wcct_btn_wrapper wc_btn_inline\" data-tooltip=\"Add To Cart\"><a href=\"?add-to-cart=77\" aria-describedby=\"woocommerce_loop_add_to_cart_link_describedby_77\" data-quantity=\"1\" class=\"dt-sc-button too-small button product_type_simple add_to_cart_button ajax_add_to_cart\" data-product_id=\"77\" data-product_sku=\"\" aria-label=\"Adaug\u0103 \u00een co\u0219: &amp;lbquo;Carte 2&rdquo;\" rel=\"nofollow\" data-success_message=\"&bdquo;Carte 2&rdquo; a fost ad\u0103ugat \u00een co\u0219\">Adaug\u0103 \u00een co\u0219<\/a>\t<span id=\"woocommerce_loop_add_to_cart_link_describedby_77\" class=\"dt-sc-button too-small screen-reader-text\">\n\t\t\t<\/span>\n<\/div><div class=\"wcwl_btn_wrapper wc_btn_inline\" data-tooltip=\"Wishlist\"><div class=\"yith-add-to-wishlist-button-block\" data-product-id=\"77\" data-attributes=\"{&quot;kind&quot;:&quot;button&quot;}\"><\/div><\/div><div class=\"wcqv_btn_wrapper wc_btn_inline\" data-tooltip=\"Quick View\"><a href=\"#\" class=\"button yith-wcqv-button\" data-product_id=\"77\">Quick View<\/a><\/div><\/div><\/div><\/div><\/div><div class=\"product-details\"><div class=\"product-title\"><h5><a href=\"https:\/\/memoriilemonei.ro\/index.php\/product\/carte-2\/\">Carte 2<\/a><\/h5><\/div><div class=\"product-price\"><span class=\"price\"><span class=\"woocommerce-Price-amount amount\"><bdi><span class=\"woocommerce-Price-currencySymbol\">&#36;<\/span>510.00<\/bdi><\/span><\/span><\/div><\/div><\/div><\/div><\/li>\n<li class=\"product-grid-view product type-product post-76 status-publish last instock product_cat-uncategorized has-post-thumbnail shipping-taxable product-type-simple\">\n\t<div class=\"dt-col dt-col-xs-12 dt-col-sm-6 dt-col-md-6 dt-col-qxlg-4 dt-col-hxlg-4 dt-col-lg-4\"><div class=\"product-wrapper\" ><div class=\"product-thumb\"><a class=\"image\" href=\"https:\/\/memoriilemonei.ro\/index.php\/product\/carte-1\/\" title=\"Carte 1\"><div class=\"product-thumb-overlay\" ><\/div><div class=\"product-labels\"><\/div><div class=\"primary-image\" style=\"background-image:url(https:\/\/memoriilemonei.ro\/wp-content\/uploads\/2025\/02\/White-Aesthetic-Lifestyle-Magazine-Page-A4-Document-5-1000x1000.png)\"><\/div><\/a><div class=\"product-thumb-content\" ><div class=\"product-buttons-wrapper product-icons\"><div class=\"wc_inline_buttons\"><div class=\"wcct_btn_wrapper wc_btn_inline\" data-tooltip=\"Add To Cart\"><a href=\"https:\/\/memoriilemonei.ro\/index.php\/product\/carte-1\/\" aria-describedby=\"woocommerce_loop_add_to_cart_link_describedby_76\" data-quantity=\"1\" class=\"dt-sc-button too-small button product_type_simple\" data-product_id=\"76\" data-product_sku=\"\" aria-label=\"Cite\u0219te mai multe despre &bdquo;Carte 1&rdquo;\" rel=\"nofollow\" data-success_message=\"\">Cite\u0219te mai mult<\/a>\t<span id=\"woocommerce_loop_add_to_cart_link_describedby_76\" class=\"dt-sc-button too-small screen-reader-text\">\n\t\t\t<\/span>\n<\/div><div class=\"wcwl_btn_wrapper wc_btn_inline\" data-tooltip=\"Wishlist\"><div class=\"yith-add-to-wishlist-button-block\" data-product-id=\"76\" data-attributes=\"{&quot;kind&quot;:&quot;button&quot;}\"><\/div><\/div><div class=\"wcqv_btn_wrapper wc_btn_inline\" data-tooltip=\"Quick View\"><a href=\"#\" class=\"button yith-wcqv-button\" data-product_id=\"76\">Quick View<\/a><\/div><\/div><\/div><\/div><\/div><div class=\"product-details\"><div class=\"product-title\"><h5><a href=\"https:\/\/memoriilemonei.ro\/index.php\/product\/carte-1\/\">Carte 1<\/a><\/h5><\/div><\/div><\/div><\/div><\/li>\n<\/ul><\/div>\t\t\t\t<\/div>\n\t\t\t\t<\/div>\n\t\t<div class=\"elementor-element elementor-element-44de104 e-con-full e-flex e-con e-child\" data-id=\"44de104\" data-element_type=\"container\">\n\t\t\t\t<div class=\"elementor-element elementor-element-3be8efb elementor-align-center elementor-widget elementor-widget-button\" data-id=\"3be8efb\" data-element_type=\"widget\" data-widget_type=\"button.default\">\n\t\t\t\t<div class=\"elementor-widget-container\">\n\t\t\t\t\t\t\t\t\t<div class=\"elementor-button-wrapper\">\n\t\t\t\t\t<a class=\"elementor-button elementor-button-link elementor-size-sm\" href=\"#\">\n\t\t\t\t\t\t<span class=\"elementor-button-content-wrapper\">\n\t\t\t\t\t\t\t\t\t<span class=\"elementor-button-text\">Cump\u0103r\u0103 acum<\/span>\n\t\t\t\t\t<\/span>\n\t\t\t\t\t<\/a>\n\t\t\t\t<\/div>\n\t\t\t\t\t\t\t\t<\/div>\n\t\t\t\t<\/div>\n\t\t\t\t<\/div>\n\t\t\t\t\t<\/div>\n\t\t\t\t<\/div>\n\t\t<div class=\"elementor-element elementor-element-adbeb74 e-flex e-con-boxed e-con e-parent\" data-id=\"adbeb74\" data-element_type=\"container\" data-settings=\"{&quot;background_background&quot;:&quot;classic&quot;}\">\n\t\t\t\t\t<div class=\"e-con-inner\">\n\t\t\t\t<div class=\"elementor-element elementor-element-6bf396e elementor-widget elementor-widget-heading\" data-id=\"6bf396e\" data-element_type=\"widget\" data-widget_type=\"heading.default\">\n\t\t\t\t<div class=\"elementor-widget-container\">\n\t\t\t\t\t<h2 class=\"elementor-heading-title elementor-size-default\">Cum func\u021bioneaz\u0103 procesul de achizi\u021bie \u0219i livrare a c\u0103r\u021bilor <\/h2>\t\t\t\t<\/div>\n\t\t\t\t<\/div>\n\t\t<div class=\"elementor-element elementor-element-c588272 e-grid e-con-full e-con e-child\" data-id=\"c588272\" data-element_type=\"container\">\n\t\t\t\t<div class=\"elementor-element elementor-element-1f83657 elementor-view-default elementor-position-top elementor-mobile-position-top elementor-widget elementor-widget-icon-box\" data-id=\"1f83657\" data-element_type=\"widget\" data-widget_type=\"icon-box.default\">\n\t\t\t\t<div class=\"elementor-widget-container\">\n\t\t\t\t\t\t\t<div class=\"elementor-icon-box-wrapper\">\n\n\t\t\t\t\t\t<div class=\"elementor-icon-box-icon\">\n\t\t\t\t<span  class=\"elementor-icon\">\n\t\t\t\t<svg aria-hidden=\"true\" class=\"e-font-icon-svg e-fas-search\" viewBox=\"0 0 512 512\" xmlns=\"http:\/\/www.w3.org\/2000\/svg\"><path d=\"M505 442.7L405.3 343c-4.5-4.5-10.6-7-17-7H372c27.6-35.3 44-79.7 44-128C416 93.1 322.9 0 208 0S0 93.1 0 208s93.1 208 208 208c48.3 0 92.7-16.4 128-44v16.3c0 6.4 2.5 12.5 7 17l99.7 99.7c9.4 9.4 24.6 9.4 33.9 0l28.3-28.3c9.4-9.4 9.4-24.6.1-34zM208 336c-70.7 0-128-57.2-128-128 0-70.7 57.2-128 128-128 70.7 0 128 57.2 128 128 0 70.7-57.2 128-128 128z\"><\/path><\/svg>\t\t\t\t<\/span>\n\t\t\t<\/div>\n\t\t\t\n\t\t\t\t\t\t<div class=\"elementor-icon-box-content\">\n\n\t\t\t\t\t\t\t\t\t<h3 class=\"elementor-icon-box-title\">\n\t\t\t\t\t\t<span  >\n\t\t\t\t\t\t\tG\u0103se\u0219te-\u021bi cartea preferat\u0103 \u0219i comand\u0103 cu u\u0219urin\u021b\u0103 online\t\t\t\t\t\t<\/span>\n\t\t\t\t\t<\/h3>\n\t\t\t\t\n\t\t\t\t\t\t\t\t\t<p class=\"elementor-icon-box-description\">\n\t\t\t\t\t\tAchizi\u021bia c\u0103r\u021bilor se face rapid \u0219i simplu, direct de pe site-ul nostru.\t\t\t\t\t<\/p>\n\t\t\t\t\n\t\t\t<\/div>\n\t\t\t\n\t\t<\/div>\n\t\t\t\t\t\t<\/div>\n\t\t\t\t<\/div>\n\t\t\t\t<div class=\"elementor-element elementor-element-d2b3439 elementor-view-default elementor-position-top elementor-mobile-position-top elementor-widget elementor-widget-icon-box\" data-id=\"d2b3439\" data-element_type=\"widget\" data-widget_type=\"icon-box.default\">\n\t\t\t\t<div class=\"elementor-widget-container\">\n\t\t\t\t\t\t\t<div class=\"elementor-icon-box-wrapper\">\n\n\t\t\t\t\t\t<div class=\"elementor-icon-box-icon\">\n\t\t\t\t<span  class=\"elementor-icon\">\n\t\t\t\t<svg aria-hidden=\"true\" class=\"e-font-icon-svg e-fas-shipping-fast\" viewBox=\"0 0 640 512\" xmlns=\"http:\/\/www.w3.org\/2000\/svg\"><path d=\"M624 352h-16V243.9c0-12.7-5.1-24.9-14.1-33.9L494 110.1c-9-9-21.2-14.1-33.9-14.1H416V48c0-26.5-21.5-48-48-48H112C85.5 0 64 21.5 64 48v48H8c-4.4 0-8 3.6-8 8v16c0 4.4 3.6 8 8 8h272c4.4 0 8 3.6 8 8v16c0 4.4-3.6 8-8 8H40c-4.4 0-8 3.6-8 8v16c0 4.4 3.6 8 8 8h208c4.4 0 8 3.6 8 8v16c0 4.4-3.6 8-8 8H8c-4.4 0-8 3.6-8 8v16c0 4.4 3.6 8 8 8h208c4.4 0 8 3.6 8 8v16c0 4.4-3.6 8-8 8H64v128c0 53 43 96 96 96s96-43 96-96h128c0 53 43 96 96 96s96-43 96-96h48c8.8 0 16-7.2 16-16v-32c0-8.8-7.2-16-16-16zM160 464c-26.5 0-48-21.5-48-48s21.5-48 48-48 48 21.5 48 48-21.5 48-48 48zm320 0c-26.5 0-48-21.5-48-48s21.5-48 48-48 48 21.5 48 48-21.5 48-48 48zm80-208H416V144h44.1l99.9 99.9V256z\"><\/path><\/svg>\t\t\t\t<\/span>\n\t\t\t<\/div>\n\t\t\t\n\t\t\t\t\t\t<div class=\"elementor-icon-box-content\">\n\n\t\t\t\t\t\t\t\t\t<h3 class=\"elementor-icon-box-title\">\n\t\t\t\t\t\t<span  >\n\t\t\t\t\t\t\tLivrarea c\u0103r\u021bilor se face rapid \u0219i \u00een siguran\u021b\u0103 la u\u0219a ta\t\t\t\t\t\t<\/span>\n\t\t\t\t\t<\/h3>\n\t\t\t\t\n\t\t\t\t\t\t\t\t\t<p class=\"elementor-icon-box-description\">\n\t\t\t\t\t\tDup\u0103 plasarea comenzii, c\u0103r\u021bile sunt livrate direct la adresa ta.\t\t\t\t\t<\/p>\n\t\t\t\t\n\t\t\t<\/div>\n\t\t\t\n\t\t<\/div>\n\t\t\t\t\t\t<\/div>\n\t\t\t\t<\/div>\n\t\t\t\t<div class=\"elementor-element elementor-element-3e18286 elementor-view-default elementor-position-top elementor-mobile-position-top elementor-widget elementor-widget-icon-box\" data-id=\"3e18286\" data-element_type=\"widget\" data-widget_type=\"icon-box.default\">\n\t\t\t\t<div class=\"elementor-widget-container\">\n\t\t\t\t\t\t\t<div class=\"elementor-icon-box-wrapper\">\n\n\t\t\t\t\t\t<div class=\"elementor-icon-box-icon\">\n\t\t\t\t<span  class=\"elementor-icon\">\n\t\t\t\t<svg aria-hidden=\"true\" class=\"e-font-icon-svg e-fas-credit-card\" viewBox=\"0 0 576 512\" xmlns=\"http:\/\/www.w3.org\/2000\/svg\"><path d=\"M0 432c0 26.5 21.5 48 48 48h480c26.5 0 48-21.5 48-48V256H0v176zm192-68c0-6.6 5.4-12 12-12h136c6.6 0 12 5.4 12 12v40c0 6.6-5.4 12-12 12H204c-6.6 0-12-5.4-12-12v-40zm-128 0c0-6.6 5.4-12 12-12h72c6.6 0 12 5.4 12 12v40c0 6.6-5.4 12-12 12H76c-6.6 0-12-5.4-12-12v-40zM576 80v48H0V80c0-26.5 21.5-48 48-48h480c26.5 0 48 21.5 48 48z\"><\/path><\/svg>\t\t\t\t<\/span>\n\t\t\t<\/div>\n\t\t\t\n\t\t\t\t\t\t<div class=\"elementor-icon-box-content\">\n\n\t\t\t\t\t\t\t\t\t<h3 class=\"elementor-icon-box-title\">\n\t\t\t\t\t\t<span  >\n\t\t\t\t\t\t\tPl\u0103te\u0219te online \u00een siguran\u021b\u0103 \u0219i bucur\u0103-te de lectur\u0103\t\t\t\t\t\t<\/span>\n\t\t\t\t\t<\/h3>\n\t\t\t\t\n\t\t\t\t\t\t\t\t\t<p class=\"elementor-icon-box-description\">\n\t\t\t\t\t\tAccept\u0103m diverse metode de plat\u0103 pentru a-\u021bi oferi confortul dorit.\t\t\t\t\t<\/p>\n\t\t\t\t\n\t\t\t<\/div>\n\t\t\t\n\t\t<\/div>\n\t\t\t\t\t\t<\/div>\n\t\t\t\t<\/div>\n\t\t\t\t<\/div>\n\t\t\t\t\t<\/div>\n\t\t\t\t<\/div>\n\t\t<div class=\"elementor-element elementor-element-47fec4c2 e-grid e-con-full e-con e-parent\" data-id=\"47fec4c2\" data-element_type=\"container\">\n\t\t\t\t<div class=\"elementor-element elementor-element-46c9fef0 elementor-widget elementor-widget-text-editor\" data-id=\"46c9fef0\" data-element_type=\"widget\" data-widget_type=\"text-editor.default\">\n\t\t\t\t<div class=\"elementor-widget-container\">\n\t\t\t\t\t\t\t\t\t<h1 class=\"wp-block-heading has-text-align-left\">Memoriile unui manager \u00eencep\u0103tor<\/h1>\n<!-- \/wp:heading --><!-- wp:paragraph -->\n<p>Cartea managerilor care au nevoie de pu\u021bin ajutor.<\/p>\n<!-- \/wp:paragraph --><!-- wp:paragraph -->\n<p>Ea este ghidul esen\u021bial pentru orice manager aflat la \u00eenceput de drum sau pentru cei care vor s\u0103-\u0219i perfec\u021bioneze abilit\u0103\u021bile de management \u0219i s\u0103 \u00eenceap\u0103a s\u0103 \u00ee\u0219i dezvolte abilit\u0103\u021bile de leadership.<\/p>\n<!-- \/wp:paragraph --><!-- wp:paragraph -->\n<p>Plin\u0103 de lec\u021bii practice, experien\u021be reale \u0219i sfaturi aplicabile imediat, aceast\u0103 carte \u00ee\u021bi ofer\u0103 instrumentele necesare pentru a face fa\u021b\u0103 provoc\u0103rilor din management, a-\u021bi motiva echipa \u0219i a lua decizii cu \u00eencredere.<\/p>\n<!-- \/wp:paragraph --><!-- wp:paragraph -->\n<p>Dac\u0103 vrei s\u0103 evi\u021bi gre\u0219elile comune \u0219i s\u0103 accelerezi succesul \u00een carier\u0103, <strong>aceasta este lectura perfect\u0103 pentru tine!<\/strong><\/p>\n<!-- \/wp:paragraph --><!-- wp:heading -->\n<h2 class=\"wp-block-heading\">\u00a0<\/h2>\t\t\t\t\t\t\t\t<\/div>\n\t\t\t\t<\/div>\n\t\t\t\t<div class=\"elementor-element elementor-element-fae2e3c elementor-widget elementor-widget-image\" data-id=\"fae2e3c\" data-element_type=\"widget\" data-widget_type=\"image.default\">\n\t\t\t\t<div class=\"elementor-widget-container\">\n\t\t\t\t\t\t\t\t\t\t\t\t\t\t\t<img decoding=\"async\" width=\"724\" height=\"1024\" src=\"https:\/\/memoriilemonei.ro\/wp-content\/uploads\/2025\/09\/COPERTA-FATA-RO-724x1024.png\" class=\"attachment-large size-large wp-image-94\" alt=\"\" srcset=\"https:\/\/memoriilemonei.ro\/wp-content\/uploads\/2025\/09\/COPERTA-FATA-RO-724x1024.png 724w, https:\/\/memoriilemonei.ro\/wp-content\/uploads\/2025\/09\/COPERTA-FATA-RO-212x300.png 212w, https:\/\/memoriilemonei.ro\/wp-content\/uploads\/2025\/09\/COPERTA-FATA-RO-768x1086.png 768w, https:\/\/memoriilemonei.ro\/wp-content\/uploads\/2025\/09\/COPERTA-FATA-RO-1086x1536.png 1086w, https:\/\/memoriilemonei.ro\/wp-content\/uploads\/2025\/09\/COPERTA-FATA-RO-1000x1414.png 1000w, https:\/\/memoriilemonei.ro\/wp-content\/uploads\/2025\/09\/COPERTA-FATA-RO.png 1414w\" sizes=\"(max-width: 724px) 100vw, 724px\" \/>\t\t\t\t\t\t\t\t\t\t\t\t\t\t\t<\/div>\n\t\t\t\t<\/div>\n\t\t\t\t<\/div>\n\t\t<div class=\"elementor-element elementor-element-9aba5f0 e-flex e-con-boxed e-con e-parent\" data-id=\"9aba5f0\" data-element_type=\"container\">\n\t\t\t\t\t<div class=\"e-con-inner\">\n\t\t\t\t<div class=\"elementor-element elementor-element-88248d4 elementor-widget elementor-widget-image\" data-id=\"88248d4\" data-element_type=\"widget\" data-widget_type=\"image.default\">\n\t\t\t\t<div class=\"elementor-widget-container\">\n\t\t\t\t\t\t\t\t\t\t\t\t\t\t\t<img decoding=\"async\" width=\"820\" height=\"360\" src=\"https:\/\/memoriilemonei.ro\/wp-content\/uploads\/2025\/09\/415064846_10160888833546368_7996037273788795012_n.png\" class=\"attachment-large size-large wp-image-96\" alt=\"\" srcset=\"https:\/\/memoriilemonei.ro\/wp-content\/uploads\/2025\/09\/415064846_10160888833546368_7996037273788795012_n.png 820w, https:\/\/memoriilemonei.ro\/wp-content\/uploads\/2025\/09\/415064846_10160888833546368_7996037273788795012_n-300x132.png 300w, https:\/\/memoriilemonei.ro\/wp-content\/uploads\/2025\/09\/415064846_10160888833546368_7996037273788795012_n-768x337.png 768w\" sizes=\"(max-width: 820px) 100vw, 820px\" \/>\t\t\t\t\t\t\t\t\t\t\t\t\t\t\t<\/div>\n\t\t\t\t<\/div>\n\t\t\t\t\t<\/div>\n\t\t\t\t<\/div>\t\t<\/div>\n\t\t","protected":false},"excerpt":{"rendered":"<p>De la primele gre\u0219eli la primele victorii: povestea unui manager aflat la \u00eenceput de drum \u00cembun\u0103t\u0103\u021be\u0219te-\u021bi abilit\u0103\u021bile de afaceri cu seria de c\u0103r\u021bi esen\u021biale. Fiecare pagin\u0103 \u00ee\u021bi va oferi insight-uri valoroase pentru a-\u021bi transforma visurile \u00een realitate. Cumpar\u0103 Aboneaz\u0103-te C\u0103r\u021bi pentru manageri, lideri \u0219i antreprenori Descopera cele mai potrivite \u0219i aplicate c\u0103r\u021bi despre management, leadership [&hellip;]<\/p>\n","protected":false},"author":1,"featured_media":0,"parent":0,"menu_order":0,"comment_status":"closed","ping_status":"open","template":"elementor_header_footer","meta":{"footnotes":""},"class_list":["post-2","page","type-page","status-publish","hentry"],"_links":{"self":[{"href":"https:\/\/memoriilemonei.ro\/index.php\/wp-json\/wp\/v2\/pages\/2","targetHints":{"allow":["GET"]}}],"collection":[{"href":"https:\/\/memoriilemonei.ro\/index.php\/wp-json\/wp\/v2\/pages"}],"about":[{"href":"https:\/\/memoriilemonei.ro\/index.php\/wp-json\/wp\/v2\/types\/page"}],"author":[{"embeddable":true,"href":"https:\/\/memoriilemonei.ro\/index.php\/wp-json\/wp\/v2\/users\/1"}],"replies":[{"embeddable":true,"href":"https:\/\/memoriilemonei.ro\/index.php\/wp-json\/wp\/v2\/comments?post=2"}],"version-history":[{"count":50,"href":"https:\/\/memoriilemonei.ro\/index.php\/wp-json\/wp\/v2\/pages\/2\/revisions"}],"predecessor-version":[{"id":126,"href":"https:\/\/memoriilemonei.ro\/index.php\/wp-json\/wp\/v2\/pages\/2\/revisions\/126"}],"wp:attachment":[{"href":"https:\/\/memoriilemonei.ro\/index.php\/wp-json\/wp\/v2\/media?parent=2"}],"curies":[{"name":"wp","href":"https:\/\/api.w.org\/{rel}","templated":true}]}}